{"id":88,"date":"2019-06-13T21:26:36","date_gmt":"2019-06-13T19:26:36","guid":{"rendered":"http:\/\/parkwojanowo.pruszczgdanski.pl\/?page_id=88"},"modified":"2019-06-13T21:30:41","modified_gmt":"2019-06-13T19:30:41","slug":"przyroda10","status":"publish","type":"page","link":"https:\/\/parkwojanowo.pruszczgdanski.pl\/index.php\/przyroda10\/","title":{"rendered":"Klon pospolity (Acer platanoides L.)"},"content":{"rendered":"\t\t<div data-elementor-type=\"wp-post\" data-elementor-id=\"88\" class=\"elementor elementor-88\">\n\t\t\t\t\t\t<section class=\"elementor-section elementor-top-section elementor-element elementor-element-498aecc elementor-section-boxed elementor-section-height-default elementor-section-height-default\" data-id=\"498aecc\" data-element_type=\"section\" data-e-type=\"section\">\n\t\t\t\t\t\t<div class=\"elementor-container elementor-column-gap-default\">\n\t\t\t\t\t<div class=\"elementor-column elementor-col-100 elementor-top-column elementor-element elementor-element-3a342e8\" data-id=\"3a342e8\" data-element_type=\"column\" data-e-type=\"column\">\n\t\t\t<div class=\"elementor-widget-wrap elementor-element-populated\">\n\t\t\t\t\t\t<div class=\"elementor-element elementor-element-0e9ed2c elementor-widget elementor-widget-text-editor\" data-id=\"0e9ed2c\" data-element_type=\"widget\" data-e-type=\"widget\" data-widget_type=\"text-editor.default\">\n\t\t\t\t<div class=\"elementor-widget-container\">\n\t\t\t\t\t\t\t\t\t<p style=\"text-align: center;\"><span style=\"color: #000000;\"><strong>Klon pospolity (<em>Acer<\/em>\u00a0<em>platanoides<\/em><em> L.<\/em>)<\/strong><\/span><\/p>\t\t\t\t\t\t\t\t<\/div>\n\t\t\t\t<\/div>\n\t\t\t\t\t<\/div>\n\t\t<\/div>\n\t\t\t\t\t<\/div>\n\t\t<\/section>\n\t\t\t\t<section class=\"elementor-section elementor-top-section elementor-element elementor-element-0bfb34d elementor-section-boxed elementor-section-height-default elementor-section-height-default\" data-id=\"0bfb34d\" data-element_type=\"section\" data-e-type=\"section\">\n\t\t\t\t\t\t<div class=\"elementor-container elementor-column-gap-default\">\n\t\t\t\t\t<div class=\"elementor-column elementor-col-100 elementor-top-column elementor-element elementor-element-874bb66\" data-id=\"874bb66\" data-element_type=\"column\" data-e-type=\"column\">\n\t\t\t<div class=\"elementor-widget-wrap elementor-element-populated\">\n\t\t\t\t\t\t<div class=\"elementor-element elementor-element-2abbc1a elementor-widget-divider--view-line elementor-widget elementor-widget-divider\" data-id=\"2abbc1a\" data-element_type=\"widget\" data-e-type=\"widget\" data-widget_type=\"divider.default\">\n\t\t\t\t<div class=\"elementor-widget-container\">\n\t\t\t\t\t\t\t<div class=\"elementor-divider\">\n\t\t\t<span class=\"elementor-divider-separator\">\n\t\t\t\t\t\t<\/span>\n\t\t<\/div>\n\t\t\t\t\t\t<\/div>\n\t\t\t\t<\/div>\n\t\t\t\t\t<\/div>\n\t\t<\/div>\n\t\t\t\t\t<\/div>\n\t\t<\/section>\n\t\t\t\t<section class=\"elementor-section elementor-top-section elementor-element elementor-element-78c5010 elementor-section-boxed elementor-section-height-default elementor-section-height-default\" data-id=\"78c5010\" data-element_type=\"section\" data-e-type=\"section\">\n\t\t\t\t\t\t<div class=\"elementor-container elementor-column-gap-default\">\n\t\t\t\t\t<div class=\"elementor-column elementor-col-100 elementor-top-column elementor-element elementor-element-0d1cc12\" data-id=\"0d1cc12\" data-element_type=\"column\" data-e-type=\"column\">\n\t\t\t<div class=\"elementor-widget-wrap elementor-element-populated\">\n\t\t\t\t\t\t<div class=\"elementor-element elementor-element-1acda9d elementor-widget elementor-widget-text-editor\" data-id=\"1acda9d\" data-element_type=\"widget\" data-e-type=\"widget\" data-widget_type=\"text-editor.default\">\n\t\t\t\t<div class=\"elementor-widget-container\">\n\t\t\t\t\t\t\t\t\t<p style=\"text-align: left;\"><span style=\"color: #000000;\"><strong>Rodzina: mydle\u0144cowate<\/strong><\/span><\/p><p style=\"text-align: justify;\"><span style=\"color: #000000;\"><strong>Opis og\u00f3lny<\/strong><\/span><\/p><p style=\"text-align: justify;\"><span style=\"color: #333333;\">Klon jest du\u017cym drzewem o szerokiej, g\u0119stej, jajowatej koronie, osi\u0105gaj\u0105cym do 30 m wysoko\u015bci i pier\u015bnicy 100-150 cm. Pie\u0144 klonu pospolitego pokrywa ciemnoszara kora, p\u0142ytko pod\u0142u\u017cnie sp\u0119kana. M\u0142ode p\u0119dy maj\u0105 barw\u0119 oliwkowo-zielon\u0105, z czasem ciemniej\u0105.<\/span><\/p><p style=\"text-align: left;\"><span style=\"color: #000000;\"><strong>Zasi\u0119g naturalny<\/strong><\/span><\/p><p style=\"text-align: left;\"><span style=\"color: #333333;\">Klon pospolity wyst\u0119puje naturalnie w \u015brodkowej i wschodniej Europie, na Ba\u0142kanach i Kaukazie. Nie ro\u015bnie naturalnie w Anglii i zachodniej Europie. W Polsce wyst\u0119puje na obszarze ca\u0142ego kraju, przede wszystkim na nizinach.<\/span><\/p><p style=\"text-align: left;\"><span style=\"color: #000000;\"><strong>Li\u015bcie<\/strong><\/span><\/p><p style=\"text-align: left;\"><span style=\"color: #333333;\">Pi\u0119cio- lub siedmioklapowe ogonkowe li\u015bcie u\u0142o\u017cone naprzeciwlegle o d\u0142ugo\u015bci 10-15 cm. Wierzch li\u015bcia g\u0142adki, ciemnozielony, sp\u00f3d ja\u015bniejszy. Jesieni\u0105 li\u015bcie przebarwiaj\u0105 si\u0119 na \u017c\u00f3\u0142to i pomara\u0144czowo.<\/span><\/p><p style=\"text-align: left;\"><span style=\"color: #000000;\"><strong>Kwiaty<\/strong><\/span><\/p><p style=\"text-align: left;\"><span style=\"color: #333333;\">Klon jest ro\u015blin\u0105 jednopienn\u0105. Du\u017ce (\u015brednica oko\u0142o 1 cm), zielonkawo\u017c\u00f3\u0142te kwiaty pojawiaj\u0105 si\u0119 w kwietniu, przed wyst\u0105pieniem li\u015bci.<\/span><\/p><p style=\"text-align: left;\"><span style=\"color: #000000;\"><strong>Zapylanie\u00a0<\/strong><\/span><\/p><p style=\"text-align: left;\"><span style=\"color: #333333;\">Klon pospolity jest ro\u015blin\u0105 owadopyln\u0105.<\/span><\/p><p style=\"text-align: left;\"><span style=\"color: #000000;\"><strong>Owoce<\/strong><\/span><\/p><p style=\"text-align: left;\"><span style=\"color: #333333;\">Owoce klonu pospolitego, podobnie jak i innych klon\u00f3w, sk\u0142adaj\u0105 si\u0119 z dw\u00f3ch skrzydlak\u00f3w. Potocznie nazywa si\u0119 je \u201enoskami\u201d. \u00a0\u00a0Dojrzewaj\u0105 we wrze\u015bniu, opadaj\u0105 w pa\u017adzierniku.<\/span><\/p><p style=\"text-align: left;\"><span style=\"color: #000000;\"><strong>Cechy u\u017cytkowe\/zastosowanie<\/strong><\/span><\/p><p style=\"text-align: left;\"><span style=\"color: #333333;\">Klon zwyczajny jest ro\u015blin\u0105 bardzo miododajn\u0105, ale kwitnie zbyt wcze\u015bnie, \u017ceby pszczo\u0142y mog\u0142y uzyska\u0107 z niego mi\u00f3d towarowy.<\/span><\/p><p style=\"text-align: left;\"><span style=\"color: #333333;\">Drewno klonu zwyczajnego jest bardzo jasne &#8211; bia\u0142awe z \u017c\u00f3\u0142tawym lub r\u00f3\u017cowawym odcieniem, zwarte, ci\u0119\u017ckie i twarde, przy tym bardzo spr\u0119\u017cyste i trwa\u0142e. Drewno klonu jest u\u017cywane do produkcji mebli, oklein, pod\u0142\u00f3g, kij\u00f3w bilardowych oraz instrument\u00f3w muzycznych.<\/span><\/p><p style=\"text-align: left;\"><span style=\"color: #000000;\"><strong>Ciekawostka:<\/strong><\/span><\/p><p style=\"text-align: left;\"><span style=\"color: #333333;\">Klon w dawnej obyczajowo\u015bci S\u0142owian odgrywa\u0142 niebagateln\u0105 rol\u0119. Powszechnie uwa\u017cano, \u017ce chroni przed z\u0142ymi mocami, niedol\u0105, kl\u0119sk\u0105 i z\u0142ym losem. Wierzono, \u017ce otacza swoj\u0105 opiek\u0105 zar\u00f3wno \u017cywych, jak i zmar\u0142ych. Na g\u0142adzonej i niepomalowanej desce wystruganej z klonu (tzw. \u201egrobowej desce\u201d) uk\u0142adano nieboszczyka, zanim spocz\u0105\u0142 w trumnie. Dodatkowo stukano w ni\u0105 aby skutecznie odegna\u0107 diab\u0142a, czyhaj\u0105cego na dusz\u0119 zmar\u0142ego. Zwyczaj ten da\u0142 pocz\u0105tek \u017cywemu do dzi\u015b przes\u0105dowi pukania w niemalowane drzewo, w celu odp\u0119dzenia z\u0142ego losu.<\/span><\/p>\t\t\t\t\t\t\t\t<\/div>\n\t\t\t\t<\/div>\n\t\t\t\t\t<\/div>\n\t\t<\/div>\n\t\t\t\t\t<\/div>\n\t\t<\/section>\n\t\t\t\t<\/div>\n\t\t","protected":false},"excerpt":{"rendered":"<p>Klon pospolity (Acer&nbsp;platanoides L.) Rodzina: mydle\u0144cowate Opis og\u00f3lny Klon jest du\u017cym drzewem o szerokiej, g\u0119stej, jajowatej koronie, osi\u0105gaj\u0105cym do 30 m wysoko\u015bci i pier\u015bnicy 100-150 cm. Pie\u0144 klonu pospolitego pokrywa ciemnoszara kora, p\u0142ytko pod\u0142u\u017cnie sp\u0119kana. M\u0142ode p\u0119dy maj\u0105 barw\u0119 oliwkowo-zielon\u0105, z czasem ciemniej\u0105. Zasi\u0119g naturalny Klon pospolity wyst\u0119puje naturalnie w \u015brodkowej i wschodniej Europie, na [&hellip;]<\/p>\n","protected":false},"author":1,"featured_media":0,"parent":0,"menu_order":0,"comment_status":"closed","ping_status":"closed","template":"elementor_header_footer","meta":{"footnotes":""},"class_list":["post-88","page","type-page","status-publish","hentry"],"_links":{"self":[{"href":"https:\/\/parkwojanowo.pruszczgdanski.pl\/index.php\/wp-json\/wp\/v2\/pages\/88","targetHints":{"allow":["GET"]}}],"collection":[{"href":"https:\/\/parkwojanowo.pruszczgdanski.pl\/index.php\/wp-json\/wp\/v2\/pages"}],"about":[{"href":"https:\/\/parkwojanowo.pruszczgdanski.pl\/index.php\/wp-json\/wp\/v2\/types\/page"}],"author":[{"embeddable":true,"href":"https:\/\/parkwojanowo.pruszczgdanski.pl\/index.php\/wp-json\/wp\/v2\/users\/1"}],"replies":[{"embeddable":true,"href":"https:\/\/parkwojanowo.pruszczgdanski.pl\/index.php\/wp-json\/wp\/v2\/comments?post=88"}],"version-history":[{"count":6,"href":"https:\/\/parkwojanowo.pruszczgdanski.pl\/index.php\/wp-json\/wp\/v2\/pages\/88\/revisions"}],"predecessor-version":[{"id":94,"href":"https:\/\/parkwojanowo.pruszczgdanski.pl\/index.php\/wp-json\/wp\/v2\/pages\/88\/revisions\/94"}],"wp:attachment":[{"href":"https:\/\/parkwojanowo.pruszczgdanski.pl\/index.php\/wp-json\/wp\/v2\/media?parent=88"}],"curies":[{"name":"wp","href":"https:\/\/api.w.org\/{rel}","templated":true}]}}