{"id":69,"date":"2019-06-13T12:19:05","date_gmt":"2019-06-13T10:19:05","guid":{"rendered":"http:\/\/parkwojanowo.pruszczgdanski.pl\/?page_id=69"},"modified":"2019-06-13T12:23:47","modified_gmt":"2019-06-13T10:23:47","slug":"przyroda8","status":"publish","type":"page","link":"https:\/\/parkwojanowo.pruszczgdanski.pl\/index.php\/przyroda8\/","title":{"rendered":"Kasztanowiec zwyczajny (Aesculus hippocastanum L.), kasztanowiec pospolity, kasztanowiec bia\u0142y,  kasztanowiec ko\u0144ski"},"content":{"rendered":"\t\t<div data-elementor-type=\"wp-post\" data-elementor-id=\"69\" class=\"elementor elementor-69\">\n\t\t\t\t\t\t<section class=\"elementor-section elementor-top-section elementor-element elementor-element-5b492b8 elementor-section-boxed elementor-section-height-default elementor-section-height-default\" data-id=\"5b492b8\" data-element_type=\"section\" data-e-type=\"section\">\n\t\t\t\t\t\t<div class=\"elementor-container elementor-column-gap-default\">\n\t\t\t\t\t<div class=\"elementor-column elementor-col-100 elementor-top-column elementor-element elementor-element-cb0958c\" data-id=\"cb0958c\" data-element_type=\"column\" data-e-type=\"column\">\n\t\t\t<div class=\"elementor-widget-wrap elementor-element-populated\">\n\t\t\t\t\t\t<div class=\"elementor-element elementor-element-44cfcc8 elementor-widget elementor-widget-text-editor\" data-id=\"44cfcc8\" data-element_type=\"widget\" data-e-type=\"widget\" data-widget_type=\"text-editor.default\">\n\t\t\t\t<div class=\"elementor-widget-container\">\n\t\t\t\t\t\t\t\t\t<p style=\"text-align: center;\"><span style=\"color: #000000;\"><strong>Kasztanowiec zwyczajny (Aesculus hippocastanum L.), kasztanowiec pospolity, kasztanowiec bia\u0142y, \u00a0kasztanowiec ko\u0144ski<\/strong><\/span><\/p>\t\t\t\t\t\t\t\t<\/div>\n\t\t\t\t<\/div>\n\t\t\t\t\t<\/div>\n\t\t<\/div>\n\t\t\t\t\t<\/div>\n\t\t<\/section>\n\t\t\t\t<section class=\"elementor-section elementor-top-section elementor-element elementor-element-749aa88 elementor-section-boxed elementor-section-height-default elementor-section-height-default\" data-id=\"749aa88\" data-element_type=\"section\" data-e-type=\"section\">\n\t\t\t\t\t\t<div class=\"elementor-container elementor-column-gap-default\">\n\t\t\t\t\t<div class=\"elementor-column elementor-col-100 elementor-top-column elementor-element elementor-element-860f85d\" data-id=\"860f85d\" data-element_type=\"column\" data-e-type=\"column\">\n\t\t\t<div class=\"elementor-widget-wrap elementor-element-populated\">\n\t\t\t\t\t\t<div class=\"elementor-element elementor-element-cc09ef8 elementor-widget-divider--view-line elementor-widget elementor-widget-divider\" data-id=\"cc09ef8\" data-element_type=\"widget\" data-e-type=\"widget\" data-widget_type=\"divider.default\">\n\t\t\t\t<div class=\"elementor-widget-container\">\n\t\t\t\t\t\t\t<div class=\"elementor-divider\">\n\t\t\t<span class=\"elementor-divider-separator\">\n\t\t\t\t\t\t<\/span>\n\t\t<\/div>\n\t\t\t\t\t\t<\/div>\n\t\t\t\t<\/div>\n\t\t\t\t\t<\/div>\n\t\t<\/div>\n\t\t\t\t\t<\/div>\n\t\t<\/section>\n\t\t\t\t<section class=\"elementor-section elementor-top-section elementor-element elementor-element-7021424 elementor-section-boxed elementor-section-height-default elementor-section-height-default\" data-id=\"7021424\" data-element_type=\"section\" data-e-type=\"section\">\n\t\t\t\t\t\t<div class=\"elementor-container elementor-column-gap-default\">\n\t\t\t\t\t<div class=\"elementor-column elementor-col-100 elementor-top-column elementor-element elementor-element-51690c2\" data-id=\"51690c2\" data-element_type=\"column\" data-e-type=\"column\">\n\t\t\t<div class=\"elementor-widget-wrap elementor-element-populated\">\n\t\t\t\t\t\t<div class=\"elementor-element elementor-element-d69d996 elementor-widget elementor-widget-text-editor\" data-id=\"d69d996\" data-element_type=\"widget\" data-e-type=\"widget\" data-widget_type=\"text-editor.default\">\n\t\t\t\t<div class=\"elementor-widget-container\">\n\t\t\t\t\t\t\t\t\t<p><strong><span style=\"color: #000000;\">Rodzina mydle\u0144cowate<\/span><\/strong><\/p><p>Kasztanowiec zwyczajny cz\u0119sto bywa b\u0142\u0119dnie nazywany kasztanem. Nazwa ta trwale przylgn\u0119\u0142a do tego drzewa, mimo i\u017c obie ro\u015bliny s\u0105 odr\u0119bnymi gatunkami,\u00a0 r\u00f3\u017cni\u0105 si\u0119 wygl\u0105dem i nale\u017c\u0105 do\u00a0 r\u00f3\u017cnych rodzin (kasztan jadalny nale\u017cy do rodziny bukowatych).\u00a0<\/p><p><span style=\"color: #000000;\"><strong>Opis og\u00f3lny<\/strong><\/span><\/p><p>Kasztanowiec zwyczajny jest du\u017cym i roz\u0142o\u017cystym drzewem, o szybkim wzro\u015bcie i regularnym pokroju. Posiada g\u0119st\u0105, kopulast\u0105, roz\u0142o\u017cyst\u0105 koron\u0119 i najcz\u0119\u015bciej osi\u0105ga \u00a020-30 m wysoko\u015bci i \u015brednic\u0119 ok. 2 m. Kora drzew m\u0142odych jest g\u0142adka, jasnoszara do szarawobrunatnej, p\u00f3\u017aniej ciemnieje i jest podzielona na grubo sp\u0119kane p\u0142ytki.\u00a0<\/p><p><span style=\"color: #000000;\"><strong>Zasi\u0119g naturalny<\/strong><\/span><\/p><p>Kasztanowiec zwyczajny pochodzi z teren\u00f3w P\u00f3\u0142wyspu Ba\u0142ka\u0144skiego, ze \u015bredniog\u00f3rza Grecji, z Albanii i Macedonii. Do Europy \u015arodkowej by\u0142 przywo\u017cony od XVII wieku jako atrakcyjne drzewo ozdobne.<\/p><p><span style=\"color: #000000;\"><strong>Li\u015bcie<\/strong><\/span><\/p><p>Li\u015bcie s\u0105 naprzemianleg\u0142e, maj\u0105 kszta\u0142t odwrotnie jajowaty z nasad\u0105 klinowat\u0105, o brzegu podw\u00f3jnie pi\u0142kowanym. Jesieni\u0105 li\u015bcie przebarwiaj\u0105 si\u0119 na kolor \u017c\u00f3\u0142ty lub pomara\u0144czowy.<\/p><p><strong><span style=\"color: #000000;\">Kwiaty<\/span><\/strong><\/p><p>Pojawiaj\u0105ce si\u0119 w maju miododajne, kremowo-bia\u0142e kwiaty s\u0105 zebrane w wyprostowane, sztywne, wiechowate kwiatostany o d\u0142ugo\u015bci 10-30 cm.<\/p><p><span style=\"color: #000000;\"><strong>Zapylanie<\/strong><\/span><\/p><p>Kasztanowiec zwyczajny jest\u00a0ro\u015blin\u0105 owadopyln\u0105.<\/p><p><strong><span style=\"color: #000000;\">Cechy u\u017cytkowe\/zastosowanie<\/span><\/strong><\/p><p>Kasztanowiec jest ro\u015blin\u0105 miododajn\u0105. Drewno kasztanowca wykorzystywane jest do produkcji beczek, mebli i element\u00f3w dekoracyjnych. Kasztanowiec znalaz\u0142 zastosowanie w lecznictwie i kosmetyce. Surowcem do produkcji lek\u00f3w i kosmetyk\u00f3w s\u0105 li\u015bcie, kwiaty i owoce, w kt\u00f3rych znajduje si\u0119 escyna, zwi\u0105zek skutecznie uszczelniaj\u0105cy \u015bciany naczy\u0144 krwiono\u015bnych. Nalewka z owoc\u00f3w kasztanowca to skuteczny \u015brodek na obrz\u0119ki, \u017cylaki, b\u00f3le mi\u0119\u015bni i staw\u00f3w. Na bazie owoc\u00f3w z kasztanowca produkuje si\u0119 m.in. kremy do piel\u0119gnacji tzw. cery naczynkowej.<\/p><p><span style=\"color: #000000;\"><strong>Ciekawostka:<\/strong><\/span><\/p><p>Wielkim wrogiem kasztanowca jest motyl szrot\u00f3wek kasztanowcowiaczek, kt\u00f3rego larwy powoduj\u0105 usychanie i przedwczesne opadanie li\u015bci. Skuteczn\u0105 metod\u0105 walki ze szrot\u00f3wkiem jest zgrabianie i palenie opadaj\u0105cych li\u015bci. Sprzymierze\u0144cami w zwalczaniu szrot\u00f3wka s\u0105 ptaki, szczeg\u00f3lnie sikory.<\/p><p>\u00a0<\/p>\t\t\t\t\t\t\t\t<\/div>\n\t\t\t\t<\/div>\n\t\t\t\t\t<\/div>\n\t\t<\/div>\n\t\t\t\t\t<\/div>\n\t\t<\/section>\n\t\t\t\t<\/div>\n\t\t","protected":false},"excerpt":{"rendered":"<p>Kasztanowiec zwyczajny (Aesculus hippocastanum L.), kasztanowiec pospolity, kasztanowiec bia\u0142y, &nbsp;kasztanowiec ko\u0144ski Rodzina mydle\u0144cowate Kasztanowiec zwyczajny cz\u0119sto bywa b\u0142\u0119dnie nazywany kasztanem. Nazwa ta trwale przylgn\u0119\u0142a do tego drzewa, mimo i\u017c obie ro\u015bliny s\u0105 odr\u0119bnymi gatunkami,&nbsp; r\u00f3\u017cni\u0105 si\u0119 wygl\u0105dem i nale\u017c\u0105 do&nbsp; r\u00f3\u017cnych rodzin (kasztan jadalny nale\u017cy do rodziny bukowatych).&nbsp; Opis og\u00f3lny Kasztanowiec zwyczajny jest du\u017cym i [&hellip;]<\/p>\n","protected":false},"author":1,"featured_media":0,"parent":0,"menu_order":0,"comment_status":"closed","ping_status":"closed","template":"elementor_header_footer","meta":{"footnotes":""},"class_list":["post-69","page","type-page","status-publish","hentry"],"_links":{"self":[{"href":"https:\/\/parkwojanowo.pruszczgdanski.pl\/index.php\/wp-json\/wp\/v2\/pages\/69","targetHints":{"allow":["GET"]}}],"collection":[{"href":"https:\/\/parkwojanowo.pruszczgdanski.pl\/index.php\/wp-json\/wp\/v2\/pages"}],"about":[{"href":"https:\/\/parkwojanowo.pruszczgdanski.pl\/index.php\/wp-json\/wp\/v2\/types\/page"}],"author":[{"embeddable":true,"href":"https:\/\/parkwojanowo.pruszczgdanski.pl\/index.php\/wp-json\/wp\/v2\/users\/1"}],"replies":[{"embeddable":true,"href":"https:\/\/parkwojanowo.pruszczgdanski.pl\/index.php\/wp-json\/wp\/v2\/comments?post=69"}],"version-history":[{"count":3,"href":"https:\/\/parkwojanowo.pruszczgdanski.pl\/index.php\/wp-json\/wp\/v2\/pages\/69\/revisions"}],"predecessor-version":[{"id":72,"href":"https:\/\/parkwojanowo.pruszczgdanski.pl\/index.php\/wp-json\/wp\/v2\/pages\/69\/revisions\/72"}],"wp:attachment":[{"href":"https:\/\/parkwojanowo.pruszczgdanski.pl\/index.php\/wp-json\/wp\/v2\/media?parent=69"}],"curies":[{"name":"wp","href":"https:\/\/api.w.org\/{rel}","templated":true}]}}