{"id":116,"date":"2019-06-13T21:59:49","date_gmt":"2019-06-13T19:59:49","guid":{"rendered":"http:\/\/parkwojanowo.pruszczgdanski.pl\/?page_id=116"},"modified":"2024-04-19T10:13:50","modified_gmt":"2024-04-19T08:13:50","slug":"park-w-wojanowie","status":"publish","type":"page","link":"https:\/\/parkwojanowo.pruszczgdanski.pl\/","title":{"rendered":"Park w Wojanowie"},"content":{"rendered":"\t\t<div data-elementor-type=\"wp-post\" data-elementor-id=\"116\" class=\"elementor elementor-116\">\n\t\t\t\t\t\t<div class=\"elementor-inner\">\n\t\t\t\t<div class=\"elementor-section-wrap\">\n\t\t\t\t\t\t\t\t\t<section class=\"elementor-section elementor-top-section elementor-element elementor-element-a218211 elementor-section-boxed elementor-section-height-default elementor-section-height-default\" data-id=\"a218211\" data-element_type=\"section\">\n\t\t\t\t\t\t<div class=\"elementor-container elementor-column-gap-default\">\n\t\t\t\t\t\t\t<div class=\"elementor-row\">\n\t\t\t\t\t<div class=\"elementor-column elementor-col-100 elementor-top-column elementor-element elementor-element-61a3fea\" data-id=\"61a3fea\" data-element_type=\"column\">\n\t\t\t<div class=\"elementor-column-wrap elementor-element-populated\">\n\t\t\t\t\t\t\t<div class=\"elementor-widget-wrap\">\n\t\t\t\t\t\t<div class=\"elementor-element elementor-element-34d8394 elementor-widget elementor-widget-text-editor\" data-id=\"34d8394\" data-element_type=\"widget\" data-widget_type=\"text-editor.default\">\n\t\t\t\t<div class=\"elementor-widget-container\">\n\t\t\t\t\t\t\t\t<div class=\"elementor-text-editor elementor-clearfix\">\n\t\t\t\t<p style=\"text-align: center;\"><span style=\"color: #000000;\"><strong>Mi\u0142o\u015bnik\u00f3w spacer\u00f3w i pi\u0119knych okoliczno\u015bci przyrody zapraszamy do parku podworskiego w Wojanowie.<\/strong><\/span><\/p><p style=\"text-align: justify;\"><span style=\"color: #000000;\">Park w Wojanowie zosta\u0142 przywr\u00f3cony do \u015bwietno\u015bci w ramach projektu \u201eRewaloryzacja Zespo\u0142u Przyrodniczo-Krajobrazowego w Wojanowie\u201d. Projekt o \u0142\u0105cznej warto\u015bci 1 697 723,04 uzyska\u0142 dofinansowanie z Regionalnego Programu Operacyjnego Wojew\u00f3dztwa Pomorskiego na lata 2014-2020 w wysoko\u015bci 1 252 852,85 z\u0142. Gmina Pruszcz Gda\u0144ski realizowa\u0142a to zadanie z <span class=\"text_exposed_show\">partnerem &#8211; Wojew\u00f3dzkim Funduszem Ochrony \u015arodowiska i Gospodarki Wodnej w Gda\u0144sku. <\/span><\/span><\/p><div class=\"text_exposed_show\"><p style=\"text-align: justify;\"><span style=\"color: #000000;\">Realizacja projektu obejmowa\u0142a:<\/span><br \/><span style=\"color: #000000;\">&#8211; zabiegi ochronne ro\u015blin &#8211; m.in. karczowanie pni, g\u0119stych krzew\u00f3w i podszycia, zabiegi piel\u0119gnacyjne, nasadzenia drzew, monta\u017c budek dla ptak\u00f3w, nietoperzy, wiewi\u00f3rek i hoteli dla owad\u00f3w.<\/span><br \/><span style=\"color: #000000;\">&#8211; budow\u0119 \u015bcie\u017cek i tras widokowych wraz z ich o\u015bwietleniem &#8211; odtworzenie historycznego uk\u0142adu \u015bcie\u017cek, wykonanie wej\u015bcia do parku, budowa drewnianego pomostu i tarasu widokowego, monta\u017c koszy na \u015bmieci i \u0142awek, monta\u017c tablic informacyjnych, wykonanie parkingu przy wej\u015bciu do parku, oznakowanie istotnych element\u00f3w parku kamiennymi kodami QR.<\/span><br \/><span style=\"color: #000000;\">&#8211; rekultywacj\u0119 zbiornik\u00f3w wodnych.<\/span><\/p><\/div>\t\t\t\t\t<\/div>\n\t\t\t\t\t\t<\/div>\n\t\t\t\t<\/div>\n\t\t\t\t\t\t<\/div>\n\t\t\t\t\t<\/div>\n\t\t<\/div>\n\t\t\t\t\t\t\t\t<\/div>\n\t\t\t\t\t<\/div>\n\t\t<\/section>\n\t\t\t\t\t\t\t\t\t<\/div>\n\t\t\t<\/div>\n\t\t\t\t\t<\/div>\n\t\t","protected":false},"excerpt":{"rendered":"<p>Mi\u0142o\u015bnik\u00f3w spacer\u00f3w i pi\u0119knych okoliczno\u015bci przyrody zapraszamy do parku podworskiego w Wojanowie. Park w Wojanowie zosta\u0142 przywr\u00f3cony do \u015bwietno\u015bci w ramach projektu \u201eRewaloryzacja Zespo\u0142u Przyrodniczo-Krajobrazowego w Wojanowie\u201d. Projekt o \u0142\u0105cznej warto\u015bci 1 697 723,04 uzyska\u0142 dofinansowanie z Regionalnego Programu Operacyjnego Wojew\u00f3dztwa Pomorskiego na lata 2014-2020 w wysoko\u015bci 1 252 852,85 z\u0142. Gmina Pruszcz Gda\u0144ski realizowa\u0142a [&hellip;]<\/p>\n","protected":false},"author":1,"featured_media":0,"parent":0,"menu_order":0,"comment_status":"closed","ping_status":"closed","template":"elementor_header_footer","meta":{"footnotes":""},"_links":{"self":[{"href":"https:\/\/parkwojanowo.pruszczgdanski.pl\/index.php\/wp-json\/wp\/v2\/pages\/116"}],"collection":[{"href":"https:\/\/parkwojanowo.pruszczgdanski.pl\/index.php\/wp-json\/wp\/v2\/pages"}],"about":[{"href":"https:\/\/parkwojanowo.pruszczgdanski.pl\/index.php\/wp-json\/wp\/v2\/types\/page"}],"author":[{"embeddable":true,"href":"https:\/\/parkwojanowo.pruszczgdanski.pl\/index.php\/wp-json\/wp\/v2\/users\/1"}],"replies":[{"embeddable":true,"href":"https:\/\/parkwojanowo.pruszczgdanski.pl\/index.php\/wp-json\/wp\/v2\/comments?post=116"}],"version-history":[{"count":2,"href":"https:\/\/parkwojanowo.pruszczgdanski.pl\/index.php\/wp-json\/wp\/v2\/pages\/116\/revisions"}],"predecessor-version":[{"id":118,"href":"https:\/\/parkwojanowo.pruszczgdanski.pl\/index.php\/wp-json\/wp\/v2\/pages\/116\/revisions\/118"}],"wp:attachment":[{"href":"https:\/\/parkwojanowo.pruszczgdanski.pl\/index.php\/wp-json\/wp\/v2\/media?parent=116"}],"curies":[{"name":"wp","href":"https:\/\/api.w.org\/{rel}","templated":true}]}}