{"id":101,"date":"2019-06-13T21:42:45","date_gmt":"2019-06-13T19:42:45","guid":{"rendered":"http:\/\/parkwojanowo.pruszczgdanski.pl\/?page_id=101"},"modified":"2019-06-13T21:45:09","modified_gmt":"2019-06-13T19:45:09","slug":"przyroda12","status":"publish","type":"page","link":"https:\/\/parkwojanowo.pruszczgdanski.pl\/index.php\/przyroda12\/","title":{"rendered":"Olsza czarna (Alnus glutinosa Gaertn.), olcha czarna, olszak"},"content":{"rendered":"\t\t<div data-elementor-type=\"wp-post\" data-elementor-id=\"101\" class=\"elementor elementor-101\">\n\t\t\t\t\t\t<section class=\"elementor-section elementor-top-section elementor-element elementor-element-efa9930 elementor-section-boxed elementor-section-height-default elementor-section-height-default\" data-id=\"efa9930\" data-element_type=\"section\" data-e-type=\"section\">\n\t\t\t\t\t\t<div class=\"elementor-container elementor-column-gap-default\">\n\t\t\t\t\t<div class=\"elementor-column elementor-col-100 elementor-top-column elementor-element elementor-element-e2c2740\" data-id=\"e2c2740\" data-element_type=\"column\" data-e-type=\"column\">\n\t\t\t<div class=\"elementor-widget-wrap elementor-element-populated\">\n\t\t\t\t\t\t<div class=\"elementor-element elementor-element-6eabbc4 elementor-widget elementor-widget-text-editor\" data-id=\"6eabbc4\" data-element_type=\"widget\" data-e-type=\"widget\" data-widget_type=\"text-editor.default\">\n\t\t\t\t<div class=\"elementor-widget-container\">\n\t\t\t\t\t\t\t\t\t<p style=\"text-align: center;\"><span style=\"color: #000000;\"><strong>Olsza czarna <\/strong>(<em>Alnus glutinosa <\/em>Gaertn.), olcha czarna, olszak<\/span><\/p>\t\t\t\t\t\t\t\t<\/div>\n\t\t\t\t<\/div>\n\t\t\t\t\t<\/div>\n\t\t<\/div>\n\t\t\t\t\t<\/div>\n\t\t<\/section>\n\t\t\t\t<section class=\"elementor-section elementor-top-section elementor-element elementor-element-605254e elementor-section-boxed elementor-section-height-default elementor-section-height-default\" data-id=\"605254e\" data-element_type=\"section\" data-e-type=\"section\">\n\t\t\t\t\t\t<div class=\"elementor-container elementor-column-gap-default\">\n\t\t\t\t\t<div class=\"elementor-column elementor-col-100 elementor-top-column elementor-element elementor-element-eaec080\" data-id=\"eaec080\" data-element_type=\"column\" data-e-type=\"column\">\n\t\t\t<div class=\"elementor-widget-wrap elementor-element-populated\">\n\t\t\t\t\t\t<div class=\"elementor-element elementor-element-fa3033e elementor-widget-divider--view-line elementor-widget elementor-widget-divider\" data-id=\"fa3033e\" data-element_type=\"widget\" data-e-type=\"widget\" data-widget_type=\"divider.default\">\n\t\t\t\t<div class=\"elementor-widget-container\">\n\t\t\t\t\t\t\t<div class=\"elementor-divider\">\n\t\t\t<span class=\"elementor-divider-separator\">\n\t\t\t\t\t\t<\/span>\n\t\t<\/div>\n\t\t\t\t\t\t<\/div>\n\t\t\t\t<\/div>\n\t\t\t\t\t<\/div>\n\t\t<\/div>\n\t\t\t\t\t<\/div>\n\t\t<\/section>\n\t\t\t\t<section class=\"elementor-section elementor-top-section elementor-element elementor-element-ffb80e7 elementor-section-boxed elementor-section-height-default elementor-section-height-default\" data-id=\"ffb80e7\" data-element_type=\"section\" data-e-type=\"section\">\n\t\t\t\t\t\t<div class=\"elementor-container elementor-column-gap-default\">\n\t\t\t\t\t<div class=\"elementor-column elementor-col-100 elementor-top-column elementor-element elementor-element-3ce9539\" data-id=\"3ce9539\" data-element_type=\"column\" data-e-type=\"column\">\n\t\t\t<div class=\"elementor-widget-wrap elementor-element-populated\">\n\t\t\t\t\t\t<div class=\"elementor-element elementor-element-80a7404 elementor-widget elementor-widget-text-editor\" data-id=\"80a7404\" data-element_type=\"widget\" data-e-type=\"widget\" data-widget_type=\"text-editor.default\">\n\t\t\t\t<div class=\"elementor-widget-container\">\n\t\t\t\t\t\t\t\t\t<p style=\"text-align: justify;\"><span style=\"color: #000000;\"><strong>Rodzina: brzozowate<\/strong><\/span><\/p><p style=\"text-align: justify;\"><span style=\"color: #000000;\"><strong>Opis og\u00f3lny<\/strong><\/span><\/p><p style=\"text-align: justify;\"><span style=\"color: #333333;\">Olsza czarna jest drzewem dorastaj\u0105cym do 30 m wysoko\u015bci o pier\u015bnicy 80 cm, ze strzelistym pniem, widocznym do szczytu korony (rzadko\u015b\u0107 u drzew li\u015bciastych!). \u00a0Kora prawie czarna (st\u0105d nazwa gatunku), drobno si\u0119 \u0142uszczy. \u017byje 100-120 lat. Gatunek szybko rosn\u0105cy.<\/span><\/p><p style=\"text-align: justify;\"><strong><span style=\"color: #000000;\">Zasi\u0119g naturalny<\/span><\/strong><\/p><p style=\"text-align: justify;\"><span style=\"color: #333333;\">Olsza czarna zasi\u0119giem swym obejmuje Europ\u0119 do Kaukazu, zachodniej Syberii, si\u0119ga na p\u00f3\u0142noc do 63\u00b0 szer. geogr., wyst\u0119puje r\u00f3wnie\u017c w p\u00f3\u0142nocno-zachodniej Afryce. W Polsce jest typowym gatunkiem nizinnym. W g\u00f3rach ro\u015bnie rzadko.<\/span><\/p><p style=\"text-align: justify;\"><strong><span style=\"color: #000000;\">Li\u015bcie<\/span><\/strong><\/p><p style=\"text-align: justify;\"><span style=\"color: #333333;\">Li\u015bcie\u00a0olszy s\u0105 pojedyncze, d\u0142ugoogonkowe, zaokr\u0105glone, u\u00a0nasady klinowate, d\u0142. 4-10\u00a0cm z 5-7 par nerw\u00f3w. G\u00f3rna strona b\u0142yszcz\u0105ca. Brzeg li\u015bcia z\u0105bkowany.<\/span><\/p><p style=\"text-align: justify;\"><strong><span style=\"color: #000000;\">Kwiaty<\/span><\/strong><\/p><p style=\"text-align: justify;\"><span style=\"color: #333333;\">Olsza jest ro\u015blin\u0105 jednopienn\u0105 z oddzielnymi kwiatostanami m\u0119skimi i \u017ce\u0144skimi, rozwijaj\u0105cymi si\u0119 przed li\u015b\u0107mi, bardzo wczesn\u0105 wiosn\u0105. Kwiatostany m\u0119skie maj\u0105 posta\u0107 do\u015b\u0107 d\u0142ugich, zwisaj\u0105cych kotk\u00f3w, a kwiaty \u017ce\u0144skie zebrane s\u0105 po 3-5 w\u00a0kwiatostany o kszta\u0142cie szyszeczek, osadzonych na\u00a0d\u0142ugich szypu\u0142kach.<\/span><\/p><p style=\"text-align: justify;\"><span style=\"color: #000000;\"><strong>Zapylanie:\u00a0<\/strong><\/span><\/p><p style=\"text-align: justify;\"><span style=\"color: #333333;\">Olsza jest ro\u015blin\u0105 wiatropyln\u0105.<\/span><\/p><p style=\"text-align: justify;\"><span style=\"color: #000000;\"><strong>Owoce<\/strong><\/span><\/p><p style=\"text-align: justify;\"><span style=\"color: #333333;\">Owocami olszy s\u0105 p\u0142askie, br\u0105zowe orzeszki z\u00a0w\u0105skimi listewkami na\u00a0brzegach, dojrzewaj\u0105ce we wrze\u015bniu i\u00a0pa\u017adzierniku.<\/span><\/p><p style=\"text-align: justify;\"><strong><span style=\"color: #000000;\">Cechy u\u017cytkowe\/zastosowanie<\/span><\/strong><\/p><p style=\"text-align: justify;\"><span style=\"color: #333333;\">Bia\u0142e drewno olszy na powietrzu szybko zmienia kolor na pomara\u0144czowo-czerwony. Ze wzgl\u0119du na trwa\u0142o\u015b\u0107 w obecno\u015bci wody drewno olszy jest stosowane w budownictwie wodnym. To na palach olchowych stan\u0119\u0142a Wenecja. Olsza ceniona by\u0142a tak\u017ce przez kowali, poniewa\u017c dawa\u0142a wysokiej jako\u015bci w\u0119giel drzewny.<\/span><\/p><p style=\"text-align: justify;\"><span style=\"color: #000000;\"><strong>Ciekawostka<\/strong><\/span><\/p><p style=\"text-align: justify;\"><span style=\"color: #333333;\">Surowcem zielarskim s\u0105 m\u0142ode li\u015bcie olszy pozyskiwane na wiosn\u0119 oraz kora i szyszki \u2013 zbierane latem i jesieni\u0105. Wszystkie cz\u0119\u015bci ro\u015bliny dzia\u0142aj\u0105 dezynfekcyjnie, \u015bci\u0105gaj\u0105co, przeciwzapalnie, przeciwobrz\u0119kowo i przeciwb\u00f3lowo. Wyci\u0105g z kory i li\u015bci stosowany jest do p\u0142ukania jamy ustnej przy krwawieniach z dzi\u0105se\u0142 oraz gard\u0142a przy anginie. Napar z li\u015bci stosowany jest w schorzeniach przewodu pokarmowego. Zewn\u0119trznie ok\u0142ady ze \u015bwie\u017cych li\u015bci lecz\u0105 owrzodzenia sk\u00f3ry, \u0142agodz\u0105 dolegliwo\u015bci wywo\u0142ane \u017cylakami, rany, p\u0119kni\u0119cia sk\u00f3ry, likwiduj\u0105 obrz\u0119ki pourazowe.<\/span><\/p>\t\t\t\t\t\t\t\t<\/div>\n\t\t\t\t<\/div>\n\t\t\t\t\t<\/div>\n\t\t<\/div>\n\t\t\t\t\t<\/div>\n\t\t<\/section>\n\t\t\t\t<\/div>\n\t\t","protected":false},"excerpt":{"rendered":"<p>Olsza czarna (Alnus glutinosa Gaertn.), olcha czarna, olszak Rodzina: brzozowate Opis og\u00f3lny Olsza czarna jest drzewem dorastaj\u0105cym do 30 m wysoko\u015bci o pier\u015bnicy 80 cm, ze strzelistym pniem, widocznym do szczytu korony (rzadko\u015b\u0107 u drzew li\u015bciastych!). &nbsp;Kora prawie czarna (st\u0105d nazwa gatunku), drobno si\u0119 \u0142uszczy. \u017byje 100-120 lat. Gatunek szybko rosn\u0105cy. Zasi\u0119g naturalny Olsza czarna [&hellip;]<\/p>\n","protected":false},"author":1,"featured_media":0,"parent":0,"menu_order":0,"comment_status":"closed","ping_status":"closed","template":"elementor_header_footer","meta":{"footnotes":""},"class_list":["post-101","page","type-page","status-publish","hentry"],"_links":{"self":[{"href":"https:\/\/parkwojanowo.pruszczgdanski.pl\/index.php\/wp-json\/wp\/v2\/pages\/101","targetHints":{"allow":["GET"]}}],"collection":[{"href":"https:\/\/parkwojanowo.pruszczgdanski.pl\/index.php\/wp-json\/wp\/v2\/pages"}],"about":[{"href":"https:\/\/parkwojanowo.pruszczgdanski.pl\/index.php\/wp-json\/wp\/v2\/types\/page"}],"author":[{"embeddable":true,"href":"https:\/\/parkwojanowo.pruszczgdanski.pl\/index.php\/wp-json\/wp\/v2\/users\/1"}],"replies":[{"embeddable":true,"href":"https:\/\/parkwojanowo.pruszczgdanski.pl\/index.php\/wp-json\/wp\/v2\/comments?post=101"}],"version-history":[{"count":3,"href":"https:\/\/parkwojanowo.pruszczgdanski.pl\/index.php\/wp-json\/wp\/v2\/pages\/101\/revisions"}],"predecessor-version":[{"id":104,"href":"https:\/\/parkwojanowo.pruszczgdanski.pl\/index.php\/wp-json\/wp\/v2\/pages\/101\/revisions\/104"}],"wp:attachment":[{"href":"https:\/\/parkwojanowo.pruszczgdanski.pl\/index.php\/wp-json\/wp\/v2\/media?parent=101"}],"curies":[{"name":"wp","href":"https:\/\/api.w.org\/{rel}","templated":true}]}}